{"id":5754,"date":"2022-10-29T06:28:37","date_gmt":"2022-10-29T04:28:37","guid":{"rendered":"https:\/\/korekompagniet.dk\/driving-instructors\/"},"modified":"2025-07-28T08:51:39","modified_gmt":"2025-07-28T06:51:39","slug":"driving-instructors","status":"publish","type":"page","link":"https:\/\/korekompagniet.dk\/en\/driving-instructors\/","title":{"rendered":"Driving instructors"},"content":{"rendered":"<section class=\"wpb-content-wrapper\"><p>[vc_row full_width=&#8221;stretch_row_content_no_spaces&#8221; equal_height=&#8221;yes&#8221; css=&#8221;.vc_custom_1676725984159{border: 2px solid #d8c186 !important;}&#8221;][vc_column css_animation=&#8221;fadeIn&#8221; el_class=&#8221;stretch&#8221; offset=&#8221;vc_col-lg-6 vc_col-md-7 vc_col-xs-12&#8243;][vc_column_text el_class=&#8221;custom&#8221;]<\/p>\n<h2>The driving company<\/h2>\n<p>[\/vc_column_text][vc_empty_space height=&#8221;10px&#8221;][vc_column_text]In K\u00f8rekompagniet there are several driving instructors, Michael, Rasmus and Tea. Sometimes we have an extra driving instructor to help. We do our best to make it a good experience to get your driving license at K\u00f8rekompagniet.  <\/p>\n<p>When we have theory classes, there are free soft drinks, coffee and tea. There&#8217;s usually a good and relaxed atmosphere in the theory classes. It&#8217;s just much more fun for everyone if there&#8217;s a positive atmosphere. And that&#8217;s the best basis for a good learning environment.   <\/p>\n<p>When we have driving lessons, we focus on two things. Firstly, the technique has to be right. We&#8217;ve included small exercises to give you the right technique while driving. Secondly, we always try to match the level of the individual student. You won&#8217;t be thrown into difficult exercises and areas that you&#8217;re not ready for. On the other hand, you need to be challenged to keep improving. By focusing on these two elements, you never get unnecessary extra lessons.      <\/p>\n<p>We are patient in our approach to teaching. We all learn at different paces and with different approaches, but everyone can learn to drive. The goal is for you to become a skilled driver who drives with consideration for others and has 100% control of the rules and operation of the car.  <\/p>\n<p>We drive volkswagen id4, Mercedes B-class and volkswagen gtx, and renault Clio but we are not fussy about our cars \ud83d\ude42 You come to learn how to drive and it is allowed to make mistakes. You can&#8217;t learn it all in the first drive, so you&#8217;ll be quickly forgiven when you forget to depress the clutch when changing gear or put it in the wrong gear \ud83d\ude42[\/vc_column_text][\/vc_column][vc_column css=&#8221;.vc_custom_1676836394357{background-image: url(https:\/\/korekompagniet.dk\/wp-content\/uploads\/2023\/02\/image00127-scaled.jpg?id=5137) !important;background-position: center !important;background-repeat: no-repeat !important;background-size: cover !important;}&#8221; offset=&#8221;vc_col-lg-6 vc_col-md-5 vc_col-xs-12&#8243;]<div class=\"ult-spacer spacer-69dfea518c41b\" data-id=\"69dfea518c41b\" data-height=\"\" data-height-mobile=\"300\" data-height-tab=\"400\" data-height-tab-portrait=\"400\" data-height-mobile-landscape=\"300\" style=\"clear:both;display:block;\"><\/div>[\/vc_column][\/vc_row][vc_row full_width=&#8221;stretch_row&#8221; el_class=&#8221;parallax overlay&#8221; css=&#8221;.vc_custom_1676837079950{background-image: url(https:\/\/korekompagniet.dk\/wp-content\/uploads\/2023\/02\/image00005-scaled.jpg?id=5121) !important;background-position: center !important;background-repeat: no-repeat !important;background-size: cover !important;}&#8221;][vc_column]<div class=\"ult-spacer spacer-69dfea518c469\" data-id=\"69dfea518c469\" data-height=\"90\" data-height-mobile=\"60\" data-height-tab=\"90\" data-height-tab-portrait=\"60\" data-height-mobile-landscape=\"60\" style=\"clear:both;display:block;\"><\/div>[vc_column_text el_class=&#8221;cta&#8221;]<\/p>\n<h3 style=\"text-align: center;\">Our driving instructors<\/h3>\n<p>[\/vc_column_text][vc_empty_space height=&#8221;30px&#8221;][vc_row_inner][vc_column_inner][vc_basic_grid post_type=&#8221;personale&#8221; max_items=&#8221;-1&#8243; order=&#8221;ASC&#8221; item=&#8221;2784&#8243; grid_id=&#8221;vc_gid:1744227929149-e572015d-95e6-10&#8243;][\/vc_column_inner][\/vc_row_inner]<div class=\"ult-spacer spacer-69dfea518c48e\" data-id=\"69dfea518c48e\" data-height=\"90\" data-height-mobile=\"60\" data-height-tab=\"90\" data-height-tab-portrait=\"60\" data-height-mobile-landscape=\"60\" style=\"clear:both;display:block;\"><\/div>[\/vc_column][\/vc_row][vc_row full_width=&#8221;stretch_row&#8221; el_class=&#8221;parallax overlay&#8221; css=&#8221;.vc_custom_1676825207234{background-image: url(https:\/\/korekompagniet.dk\/wp-content\/uploads\/2023\/02\/image00021-scaled.jpg?id=5136) !important;background-position: center !important;background-repeat: no-repeat !important;background-size: cover !important;}&#8221;][vc_column]<div class=\"ult-spacer spacer-69dfea518c4ac\" data-id=\"69dfea518c4ac\" data-height=\"135\" data-height-mobile=\"90\" data-height-tab=\"135\" data-height-tab-portrait=\"90\" data-height-mobile-landscape=\"90\" style=\"clear:both;display:block;\"><\/div>[vc_row_inner][vc_column_inner offset=&#8221;vc_col-lg-2 vc_col-md-2 vc_col-xs-12&#8243;][\/vc_column_inner][vc_column_inner offset=&#8221;vc_col-lg-8 vc_col-md-8 vc_col-xs-12&#8243;][vc_column_text]<\/p>\n<h3 style=\"text-align: center;\">Contact us today<\/h3>\n<p style=\"text-align: center;\">We are ready to answer any questions you may have that are not answered on this website. So don&#8217;t hesitate to call or write to us on <a href=\"tel:22253336\">(+45) 22 25 33 36<\/a> or email <a href=\"mailto:Korekompagniet@gmail.com\">Korekompagniet@gmail.com.<\/a> We look forward to hearing from you.  <\/p>\n<p>[\/vc_column_text][vc_empty_space height=&#8221;30px&#8221;][vc_btn title=&#8221;Sign up for a class today&#8221; style=&#8221;outline-custom&#8221; outline_custom_color=&#8221;#666666&#8243; outline_custom_hover_background=&#8221;#666666&#8243; outline_custom_hover_text=&#8221;#ffffff&#8221; shape=&#8221;square&#8221; align=&#8221;center&#8221; link=&#8221;url:https%3A%2F%2Fkorekompagniet.dk%2Ftilmeld%2F|title:Sign%20up|&#8221; el_class=&#8221;accent-outline-bg&#8221;][\/vc_column_inner][vc_column_inner offset=&#8221;vc_col-lg-2 vc_col-md-2 vc_col-xs-12&#8243;][\/vc_column_inner][\/vc_row_inner]<div class=\"ult-spacer spacer-69dfea518c4cb\" data-id=\"69dfea518c4cb\" data-height=\"135\" data-height-mobile=\"90\" data-height-tab=\"135\" data-height-tab-portrait=\"90\" data-height-mobile-landscape=\"90\" style=\"clear:both;display:block;\"><\/div>[\/vc_column][\/vc_row]<\/p>\n<\/section>","protected":false},"excerpt":{"rendered":"<p>Let us handle your next project. Here you can get an insight into what we can help you with in this area. <\/p>\n","protected":false},"author":1,"featured_media":0,"parent":0,"menu_order":6,"comment_status":"closed","ping_status":"closed","template":"","meta":{"footnotes":""},"categories":[25],"acf":[],"yoast_head":"<!-- This site is optimized with the Yoast SEO plugin v20.10 - https:\/\/yoast.com\/wordpress\/plugins\/seo\/ -->\n<title>Driving instructors &middot; K\u00f8reskolen K\u00f8rekompagniet ApS<\/title>\n<meta name=\"robots\" content=\"index, follow, max-snippet:-1, max-image-preview:large, max-video-preview:-1\" \/>\n<link rel=\"canonical\" href=\"https:\/\/korekompagniet.dk\/en\/driving-instructors\/\" \/>\n<meta property=\"og:locale\" content=\"en_US\" \/>\n<meta property=\"og:type\" content=\"article\" \/>\n<meta property=\"og:title\" content=\"Driving instructors &middot; K\u00f8reskolen K\u00f8rekompagniet ApS\" \/>\n<meta property=\"og:description\" content=\"Let us handle your next project. Here you can get an insight into what we can help you with in this area.\" \/>\n<meta property=\"og:url\" content=\"https:\/\/korekompagniet.dk\/en\/driving-instructors\/\" \/>\n<meta property=\"og:site_name\" content=\"K\u00f8reskolen K\u00f8rekompagniet ApS\" \/>\n<meta property=\"article:modified_time\" content=\"2025-07-28T06:51:39+00:00\" \/>\n<meta name=\"twitter:card\" content=\"summary_large_image\" \/>\n<meta name=\"twitter:label1\" content=\"Est. reading time\" \/>\n\t<meta name=\"twitter:data1\" content=\"4 minutes\" \/>\n<script type=\"application\/ld+json\" class=\"yoast-schema-graph\">{\"@context\":\"https:\/\/schema.org\",\"@graph\":[{\"@type\":\"WebPage\",\"@id\":\"https:\/\/korekompagniet.dk\/en\/driving-instructors\/\",\"url\":\"https:\/\/korekompagniet.dk\/en\/driving-instructors\/\",\"name\":\"Driving instructors &middot; K\u00f8reskolen K\u00f8rekompagniet ApS\",\"isPartOf\":{\"@id\":\"https:\/\/korekompagniet.dk\/en\/#website\"},\"datePublished\":\"2022-10-29T04:28:37+00:00\",\"dateModified\":\"2025-07-28T06:51:39+00:00\",\"breadcrumb\":{\"@id\":\"https:\/\/korekompagniet.dk\/en\/driving-instructors\/#breadcrumb\"},\"inLanguage\":\"en-US\",\"potentialAction\":[{\"@type\":\"ReadAction\",\"target\":[\"https:\/\/korekompagniet.dk\/en\/driving-instructors\/\"]}]},{\"@type\":\"BreadcrumbList\",\"@id\":\"https:\/\/korekompagniet.dk\/en\/driving-instructors\/#breadcrumb\",\"itemListElement\":[{\"@type\":\"ListItem\",\"position\":1,\"name\":\"Hjem\",\"item\":\"https:\/\/korekompagniet.dk\/en\/home-page\/\"},{\"@type\":\"ListItem\",\"position\":2,\"name\":\"Driving instructors\"}]},{\"@type\":\"WebSite\",\"@id\":\"https:\/\/korekompagniet.dk\/en\/#website\",\"url\":\"https:\/\/korekompagniet.dk\/en\/\",\"name\":\"K\u00f8reskolen K\u00f8rekompagniet ApS\",\"description\":\"K\u00f8reskole, k\u00f8rekort og teoripr\u00f8ve i \u00c5rhus og H\u00f8jbjerg\",\"publisher\":{\"@id\":\"https:\/\/korekompagniet.dk\/en\/#organization\"},\"potentialAction\":[{\"@type\":\"SearchAction\",\"target\":{\"@type\":\"EntryPoint\",\"urlTemplate\":\"https:\/\/korekompagniet.dk\/en\/?s={search_term_string}\"},\"query-input\":\"required name=search_term_string\"}],\"inLanguage\":\"en-US\"},{\"@type\":\"Organization\",\"@id\":\"https:\/\/korekompagniet.dk\/en\/#organization\",\"name\":\"K\u00f8reskolen K\u00f8rekompagniet ApS\",\"url\":\"https:\/\/korekompagniet.dk\/en\/\",\"logo\":{\"@type\":\"ImageObject\",\"inLanguage\":\"en-US\",\"@id\":\"https:\/\/korekompagniet.dk\/en\/#\/schema\/logo\/image\/\",\"url\":\"https:\/\/korekompagniet.dk\/wp-content\/uploads\/2023\/02\/koerekompagniet-logo.png\",\"contentUrl\":\"https:\/\/korekompagniet.dk\/wp-content\/uploads\/2023\/02\/koerekompagniet-logo.png\",\"width\":2048,\"height\":737,\"caption\":\"K\u00f8reskolen K\u00f8rekompagniet ApS\"},\"image\":{\"@id\":\"https:\/\/korekompagniet.dk\/en\/#\/schema\/logo\/image\/\"}}]}<\/script>\n<!-- \/ Yoast SEO plugin. -->","yoast_head_json":{"title":"Driving instructors &middot; K\u00f8reskolen K\u00f8rekompagniet ApS","robots":{"index":"index","follow":"follow","max-snippet":"max-snippet:-1","max-image-preview":"max-image-preview:large","max-video-preview":"max-video-preview:-1"},"canonical":"https:\/\/korekompagniet.dk\/en\/driving-instructors\/","og_locale":"en_US","og_type":"article","og_title":"Driving instructors &middot; K\u00f8reskolen K\u00f8rekompagniet ApS","og_description":"Let us handle your next project. Here you can get an insight into what we can help you with in this area.","og_url":"https:\/\/korekompagniet.dk\/en\/driving-instructors\/","og_site_name":"K\u00f8reskolen K\u00f8rekompagniet ApS","article_modified_time":"2025-07-28T06:51:39+00:00","twitter_card":"summary_large_image","twitter_misc":{"Est. reading time":"4 minutes"},"schema":{"@context":"https:\/\/schema.org","@graph":[{"@type":"WebPage","@id":"https:\/\/korekompagniet.dk\/en\/driving-instructors\/","url":"https:\/\/korekompagniet.dk\/en\/driving-instructors\/","name":"Driving instructors &middot; K\u00f8reskolen K\u00f8rekompagniet ApS","isPartOf":{"@id":"https:\/\/korekompagniet.dk\/en\/#website"},"datePublished":"2022-10-29T04:28:37+00:00","dateModified":"2025-07-28T06:51:39+00:00","breadcrumb":{"@id":"https:\/\/korekompagniet.dk\/en\/driving-instructors\/#breadcrumb"},"inLanguage":"en-US","potentialAction":[{"@type":"ReadAction","target":["https:\/\/korekompagniet.dk\/en\/driving-instructors\/"]}]},{"@type":"BreadcrumbList","@id":"https:\/\/korekompagniet.dk\/en\/driving-instructors\/#breadcrumb","itemListElement":[{"@type":"ListItem","position":1,"name":"Hjem","item":"https:\/\/korekompagniet.dk\/en\/home-page\/"},{"@type":"ListItem","position":2,"name":"Driving instructors"}]},{"@type":"WebSite","@id":"https:\/\/korekompagniet.dk\/en\/#website","url":"https:\/\/korekompagniet.dk\/en\/","name":"K\u00f8reskolen K\u00f8rekompagniet ApS","description":"K\u00f8reskole, k\u00f8rekort og teoripr\u00f8ve i \u00c5rhus og H\u00f8jbjerg","publisher":{"@id":"https:\/\/korekompagniet.dk\/en\/#organization"},"potentialAction":[{"@type":"SearchAction","target":{"@type":"EntryPoint","urlTemplate":"https:\/\/korekompagniet.dk\/en\/?s={search_term_string}"},"query-input":"required name=search_term_string"}],"inLanguage":"en-US"},{"@type":"Organization","@id":"https:\/\/korekompagniet.dk\/en\/#organization","name":"K\u00f8reskolen K\u00f8rekompagniet ApS","url":"https:\/\/korekompagniet.dk\/en\/","logo":{"@type":"ImageObject","inLanguage":"en-US","@id":"https:\/\/korekompagniet.dk\/en\/#\/schema\/logo\/image\/","url":"https:\/\/korekompagniet.dk\/wp-content\/uploads\/2023\/02\/koerekompagniet-logo.png","contentUrl":"https:\/\/korekompagniet.dk\/wp-content\/uploads\/2023\/02\/koerekompagniet-logo.png","width":2048,"height":737,"caption":"K\u00f8reskolen K\u00f8rekompagniet ApS"},"image":{"@id":"https:\/\/korekompagniet.dk\/en\/#\/schema\/logo\/image\/"}}]}},"_links":{"self":[{"href":"https:\/\/korekompagniet.dk\/en\/wp-json\/wp\/v2\/pages\/5754"}],"collection":[{"href":"https:\/\/korekompagniet.dk\/en\/wp-json\/wp\/v2\/pages"}],"about":[{"href":"https:\/\/korekompagniet.dk\/en\/wp-json\/wp\/v2\/types\/page"}],"author":[{"embeddable":true,"href":"https:\/\/korekompagniet.dk\/en\/wp-json\/wp\/v2\/users\/1"}],"replies":[{"embeddable":true,"href":"https:\/\/korekompagniet.dk\/en\/wp-json\/wp\/v2\/comments?post=5754"}],"version-history":[{"count":2,"href":"https:\/\/korekompagniet.dk\/en\/wp-json\/wp\/v2\/pages\/5754\/revisions"}],"predecessor-version":[{"id":5756,"href":"https:\/\/korekompagniet.dk\/en\/wp-json\/wp\/v2\/pages\/5754\/revisions\/5756"}],"wp:attachment":[{"href":"https:\/\/korekompagniet.dk\/en\/wp-json\/wp\/v2\/media?parent=5754"}],"wp:term":[{"taxonomy":"category","embeddable":true,"href":"https:\/\/korekompagniet.dk\/en\/wp-json\/wp\/v2\/categories?post=5754"}],"curies":[{"name":"wp","href":"https:\/\/api.w.org\/{rel}","templated":true}]}}