{"id":5748,"date":"2020-02-12T13:11:38","date_gmt":"2020-02-12T12:11:38","guid":{"rendered":"https:\/\/korekompagniet.dk\/contact-us\/"},"modified":"2025-07-29T08:47:11","modified_gmt":"2025-07-29T06:47:11","slug":"contact-us","status":"publish","type":"page","link":"https:\/\/korekompagniet.dk\/en\/contact-us\/","title":{"rendered":"Contact us"},"content":{"rendered":"<section class=\"wpb-content-wrapper\"><p>[vc_row full_width=&#8221;stretch_row_content_no_spaces&#8221; equal_height=&#8221;yes&#8221; css=&#8221;.vc_custom_1676822605108{border: 2px solid #d8c186 !important;}&#8221;][vc_column el_class=&#8221;stretch-fill&#8221; css=&#8221;.vc_custom_1676822507522{background-color: #323232 !important;}&#8221; offset=&#8221;vc_col-lg-6 vc_col-md-6 vc_col-xs-12&#8243;][vc_column_text]<\/p>\n<h2 style=\"text-align: left;\">Contact us today<\/h2>\n<p>Do you have any questions or comments? Use the form on this page and we will get back to you as soon as possible. <\/p>\n<p>If we don&#8217;t answer your call, we are typically in the middle of a class that requires our full attention, so please send us a text or email and we will respond as soon as we can.<\/p>\n<p><strong>K\u00f8reskolen K\u00f8rekompagniet ApS<\/strong><br \/>\nCVR no.: 42917869<\/p>\n<p>H\u00f8jbjerg: <a href=\"https:\/\/goo.gl\/maps\/umS27MC3VWSpcrcD8\" target=\"_blank\" rel=\"noopener\">Rosenvangs all\u00e9 213A, 8270 H\u00f8jbjerg<\/a><\/p>\n<p>Phone:<br \/>\n<a href=\"tel:22253336\">(+45) 22 25 33 36<\/a><\/p>\n<p>E-mail:<br \/>\n<a href=\"mailto:Korekompagniet@gmail.com\">Korekompagniet@gmail.com<\/a>[\/vc_column_text][\/vc_column][vc_column el_class=&#8221;stretch&#8221; offset=&#8221;vc_col-lg-6 vc_col-md-6 vc_col-xs-12&#8243;][vc_column_text]<\/p>\n<h3>Write to us<\/h3>\n<p>[\/vc_column_text][vc_empty_space height=&#8221;15px&#8221;][vc_raw_html]JTVCZm9ybWluYXRvcl9mb3JtJTIwaWQlM0QlMjI1ODA0JTIyJTVE[\/vc_raw_html][\/vc_column][\/vc_row][vc_row full_width=&#8221;stretch_row_content_no_spaces&#8221;][vc_column][vc_gmaps link=&#8221;#E-8_JTNDaWZyYW1lJTIwc3JjJTNEJTIyaHR0cHMlM0ElMkYlMkZ3d3cuZ29vZ2xlLmNvbSUyRm1hcHMlMkZlbWJlZCUzRnBiJTNEJTIxMW0xOCUyMTFtMTIlMjExbTMlMjExZDIyMjQuMjkyMzI4ODAyODIxJTIxMmQxMC4xOTg3MjY2JTIxM2Q1Ni4xMTc0NjExJTIxMm0zJTIxMWYwJTIxMmYwJTIxM2YwJTIxM20yJTIxMWkxMDI0JTIxMmk3NjglMjE0ZjEzLjElMjEzbTMlMjExbTIlMjExczB4NDY0YzQwNDJiYWIyZjJiZiUyNTNBMHg0MmI0MGQwY2MzZjc3ZmE2JTIxMnNSb3NlbnZhbmdzJTI1MjBBbGwlMjVDMyUyNUE5JTI1MjAyMTNBJTI1MkMlMjUyMDgyNzAlMjUyMEglMjVDMyUyNUI4amJqZXJnJTIxNWUwJTIxM20yJTIxMXNkYSUyMTJzZGslMjE0djE2ODM1NDIxMzEwNjUlMjE1bTIlMjExc2RhJTIxMnNkayUyMiUyMHdpZHRoJTNEJTIyNjAwJTIyJTIwaGVpZ2h0JTNEJTIyNDUwJTIyJTIwc3R5bGUlM0QlMjJib3JkZXIlM0EwJTNCJTIyJTIwYWxsb3dmdWxsc2NyZWVuJTNEJTIyJTIyJTIwbG9hZGluZyUzRCUyMmxhenklMjIlMjByZWZlcnJlcnBvbGljeSUzRCUyMm5vLXJlZmVycmVyLXdoZW4tZG93bmdyYWRlJTIyJTNFJTNDJTJGaWZyYW1lJTNF&#8221; size=&#8221;350px&#8221; css=&#8221;.vc_custom_1683542704804{margin-bottom: 0px !important;}&#8221; el_class=&#8221;grayscale&#8221;][\/vc_column][\/vc_row]<\/p>\n<\/section>","protected":false},"excerpt":{"rendered":"<p>Do you have any questions or comments?<\/p>\n","protected":false},"author":1,"featured_media":0,"parent":0,"menu_order":0,"comment_status":"closed","ping_status":"closed","template":"","meta":{"footnotes":""},"categories":[],"acf":[],"yoast_head":"<!-- This site is optimized with the Yoast SEO plugin v20.10 - https:\/\/yoast.com\/wordpress\/plugins\/seo\/ -->\n<title>Contact us &middot; K\u00f8reskolen K\u00f8rekompagniet ApS<\/title>\n<meta name=\"robots\" content=\"index, follow, max-snippet:-1, max-image-preview:large, max-video-preview:-1\" \/>\n<link rel=\"canonical\" href=\"https:\/\/korekompagniet.dk\/en\/contact-us\/\" \/>\n<meta property=\"og:locale\" content=\"en_US\" \/>\n<meta property=\"og:type\" content=\"article\" \/>\n<meta property=\"og:title\" content=\"Contact us &middot; K\u00f8reskolen K\u00f8rekompagniet ApS\" \/>\n<meta property=\"og:description\" content=\"Do you have any questions or comments?\" \/>\n<meta property=\"og:url\" content=\"https:\/\/korekompagniet.dk\/en\/contact-us\/\" \/>\n<meta property=\"og:site_name\" content=\"K\u00f8reskolen K\u00f8rekompagniet ApS\" \/>\n<meta property=\"article:modified_time\" content=\"2025-07-29T06:47:11+00:00\" \/>\n<meta name=\"twitter:card\" content=\"summary_large_image\" \/>\n<meta name=\"twitter:label1\" content=\"Est. reading time\" \/>\n\t<meta name=\"twitter:data1\" content=\"1 minute\" \/>\n<script type=\"application\/ld+json\" class=\"yoast-schema-graph\">{\"@context\":\"https:\/\/schema.org\",\"@graph\":[{\"@type\":\"WebPage\",\"@id\":\"https:\/\/korekompagniet.dk\/en\/contact-us\/\",\"url\":\"https:\/\/korekompagniet.dk\/en\/contact-us\/\",\"name\":\"Contact us &middot; K\u00f8reskolen K\u00f8rekompagniet ApS\",\"isPartOf\":{\"@id\":\"https:\/\/korekompagniet.dk\/en\/#website\"},\"datePublished\":\"2020-02-12T12:11:38+00:00\",\"dateModified\":\"2025-07-29T06:47:11+00:00\",\"breadcrumb\":{\"@id\":\"https:\/\/korekompagniet.dk\/en\/contact-us\/#breadcrumb\"},\"inLanguage\":\"en-US\",\"potentialAction\":[{\"@type\":\"ReadAction\",\"target\":[\"https:\/\/korekompagniet.dk\/en\/contact-us\/\"]}]},{\"@type\":\"BreadcrumbList\",\"@id\":\"https:\/\/korekompagniet.dk\/en\/contact-us\/#breadcrumb\",\"itemListElement\":[{\"@type\":\"ListItem\",\"position\":1,\"name\":\"Hjem\",\"item\":\"https:\/\/korekompagniet.dk\/en\/home-page\/\"},{\"@type\":\"ListItem\",\"position\":2,\"name\":\"Contact us\"}]},{\"@type\":\"WebSite\",\"@id\":\"https:\/\/korekompagniet.dk\/en\/#website\",\"url\":\"https:\/\/korekompagniet.dk\/en\/\",\"name\":\"K\u00f8reskolen K\u00f8rekompagniet ApS\",\"description\":\"K\u00f8reskole, k\u00f8rekort og teoripr\u00f8ve i \u00c5rhus og H\u00f8jbjerg\",\"publisher\":{\"@id\":\"https:\/\/korekompagniet.dk\/en\/#organization\"},\"potentialAction\":[{\"@type\":\"SearchAction\",\"target\":{\"@type\":\"EntryPoint\",\"urlTemplate\":\"https:\/\/korekompagniet.dk\/en\/?s={search_term_string}\"},\"query-input\":\"required name=search_term_string\"}],\"inLanguage\":\"en-US\"},{\"@type\":\"Organization\",\"@id\":\"https:\/\/korekompagniet.dk\/en\/#organization\",\"name\":\"K\u00f8reskolen K\u00f8rekompagniet ApS\",\"url\":\"https:\/\/korekompagniet.dk\/en\/\",\"logo\":{\"@type\":\"ImageObject\",\"inLanguage\":\"en-US\",\"@id\":\"https:\/\/korekompagniet.dk\/en\/#\/schema\/logo\/image\/\",\"url\":\"https:\/\/korekompagniet.dk\/wp-content\/uploads\/2023\/02\/koerekompagniet-logo.png\",\"contentUrl\":\"https:\/\/korekompagniet.dk\/wp-content\/uploads\/2023\/02\/koerekompagniet-logo.png\",\"width\":2048,\"height\":737,\"caption\":\"K\u00f8reskolen K\u00f8rekompagniet ApS\"},\"image\":{\"@id\":\"https:\/\/korekompagniet.dk\/en\/#\/schema\/logo\/image\/\"}}]}<\/script>\n<!-- \/ Yoast SEO plugin. -->","yoast_head_json":{"title":"Contact us &middot; K\u00f8reskolen K\u00f8rekompagniet ApS","robots":{"index":"index","follow":"follow","max-snippet":"max-snippet:-1","max-image-preview":"max-image-preview:large","max-video-preview":"max-video-preview:-1"},"canonical":"https:\/\/korekompagniet.dk\/en\/contact-us\/","og_locale":"en_US","og_type":"article","og_title":"Contact us &middot; K\u00f8reskolen K\u00f8rekompagniet ApS","og_description":"Do you have any questions or comments?","og_url":"https:\/\/korekompagniet.dk\/en\/contact-us\/","og_site_name":"K\u00f8reskolen K\u00f8rekompagniet ApS","article_modified_time":"2025-07-29T06:47:11+00:00","twitter_card":"summary_large_image","twitter_misc":{"Est. reading time":"1 minute"},"schema":{"@context":"https:\/\/schema.org","@graph":[{"@type":"WebPage","@id":"https:\/\/korekompagniet.dk\/en\/contact-us\/","url":"https:\/\/korekompagniet.dk\/en\/contact-us\/","name":"Contact us &middot; K\u00f8reskolen K\u00f8rekompagniet ApS","isPartOf":{"@id":"https:\/\/korekompagniet.dk\/en\/#website"},"datePublished":"2020-02-12T12:11:38+00:00","dateModified":"2025-07-29T06:47:11+00:00","breadcrumb":{"@id":"https:\/\/korekompagniet.dk\/en\/contact-us\/#breadcrumb"},"inLanguage":"en-US","potentialAction":[{"@type":"ReadAction","target":["https:\/\/korekompagniet.dk\/en\/contact-us\/"]}]},{"@type":"BreadcrumbList","@id":"https:\/\/korekompagniet.dk\/en\/contact-us\/#breadcrumb","itemListElement":[{"@type":"ListItem","position":1,"name":"Hjem","item":"https:\/\/korekompagniet.dk\/en\/home-page\/"},{"@type":"ListItem","position":2,"name":"Contact us"}]},{"@type":"WebSite","@id":"https:\/\/korekompagniet.dk\/en\/#website","url":"https:\/\/korekompagniet.dk\/en\/","name":"K\u00f8reskolen K\u00f8rekompagniet ApS","description":"K\u00f8reskole, k\u00f8rekort og teoripr\u00f8ve i \u00c5rhus og H\u00f8jbjerg","publisher":{"@id":"https:\/\/korekompagniet.dk\/en\/#organization"},"potentialAction":[{"@type":"SearchAction","target":{"@type":"EntryPoint","urlTemplate":"https:\/\/korekompagniet.dk\/en\/?s={search_term_string}"},"query-input":"required name=search_term_string"}],"inLanguage":"en-US"},{"@type":"Organization","@id":"https:\/\/korekompagniet.dk\/en\/#organization","name":"K\u00f8reskolen K\u00f8rekompagniet ApS","url":"https:\/\/korekompagniet.dk\/en\/","logo":{"@type":"ImageObject","inLanguage":"en-US","@id":"https:\/\/korekompagniet.dk\/en\/#\/schema\/logo\/image\/","url":"https:\/\/korekompagniet.dk\/wp-content\/uploads\/2023\/02\/koerekompagniet-logo.png","contentUrl":"https:\/\/korekompagniet.dk\/wp-content\/uploads\/2023\/02\/koerekompagniet-logo.png","width":2048,"height":737,"caption":"K\u00f8reskolen K\u00f8rekompagniet ApS"},"image":{"@id":"https:\/\/korekompagniet.dk\/en\/#\/schema\/logo\/image\/"}}]}},"_links":{"self":[{"href":"https:\/\/korekompagniet.dk\/en\/wp-json\/wp\/v2\/pages\/5748"}],"collection":[{"href":"https:\/\/korekompagniet.dk\/en\/wp-json\/wp\/v2\/pages"}],"about":[{"href":"https:\/\/korekompagniet.dk\/en\/wp-json\/wp\/v2\/types\/page"}],"author":[{"embeddable":true,"href":"https:\/\/korekompagniet.dk\/en\/wp-json\/wp\/v2\/users\/1"}],"replies":[{"embeddable":true,"href":"https:\/\/korekompagniet.dk\/en\/wp-json\/wp\/v2\/comments?post=5748"}],"version-history":[{"count":3,"href":"https:\/\/korekompagniet.dk\/en\/wp-json\/wp\/v2\/pages\/5748\/revisions"}],"predecessor-version":[{"id":5813,"href":"https:\/\/korekompagniet.dk\/en\/wp-json\/wp\/v2\/pages\/5748\/revisions\/5813"}],"wp:attachment":[{"href":"https:\/\/korekompagniet.dk\/en\/wp-json\/wp\/v2\/media?parent=5748"}],"wp:term":[{"taxonomy":"category","embeddable":true,"href":"https:\/\/korekompagniet.dk\/en\/wp-json\/wp\/v2\/categories?post=5748"}],"curies":[{"name":"wp","href":"https:\/\/api.w.org\/{rel}","templated":true}]}}