{"id":5736,"date":"2022-10-29T06:28:37","date_gmt":"2022-10-29T04:28:37","guid":{"rendered":"https:\/\/korekompagniet.dk\/team-start\/"},"modified":"2025-07-28T08:51:27","modified_gmt":"2025-07-28T06:51:27","slug":"team-start","status":"publish","type":"page","link":"https:\/\/korekompagniet.dk\/en\/team-start\/","title":{"rendered":"Team start"},"content":{"rendered":"<section class=\"wpb-content-wrapper\"><p>[vc_row full_width=&#8221;stretch_row_content_no_spaces&#8221; equal_height=&#8221;yes&#8221; css=&#8221;.vc_custom_1676725984159{border: 2px solid #d8c186 !important;}&#8221;][vc_column css_animation=&#8221;fadeIn&#8221; el_class=&#8221;stretch&#8221; offset=&#8221;vc_col-lg-6 vc_col-md-7 vc_col-xs-12&#8243;][vc_column_text el_class=&#8221;custom&#8221;]<\/p>\n<h2>Overview of team starts<\/h2>\n<p>[\/vc_column_text][vc_empty_space height=&#8221;10px&#8221;][vc_basic_grid post_type=&#8221;hold&#8221; max_items=&#8221;1&#8243; element_width=&#8221;12&#8243; gap=&#8221;0&#8243; orderby=&#8221;meta_value&#8221; order=&#8221;ASC&#8221; item=&#8221;5503&#8243; grid_id=&#8221;vc_gid:1751639772389-74181776-8b51-6&#8243; meta_key=&#8221;dato&#8221; css=&#8221;.vc_custom_1678700495353{padding-top: 30px !important;padding-right: 30px !important;padding-bottom: 30px !important;padding-left: 30px !important;background-color: #d8c186 !important;}&#8221; el_class=&#8221;custom-hold-subpage&#8221;][vc_empty_space height=&#8221;30px&#8221;][vc_column_text]Changes may occur if a class becomes fully booked or in case of high demand.<\/p>\n<p>The NORMAL CLASSES are run over 8 theory sessions which will be the same day of the week and time as the class start, driving on normal classes is also once a week typically.<\/p>\n<p>&nbsp;<\/p>\n<ul>\n<li>Thursday, August 14th at 18.00<\/li>\n<li>Wednesday the 13.th of August at 18.00 (GB)<\/li>\n<li>Tuesday, September 9th at 18.00<\/li>\n<li>Monday, October 20 at 18:00<\/li>\n<li>Thursday the 23.rd of October at 18.00 (GB)<\/li>\n<li>Tuesday, October 18 at 18.00<\/li>\n<\/ul>\n<p>LYNHOLD is also called TURBOHOLD<\/p>\n<p>Lightning class is an intensive course where there will be theory and driving intensively with teaching every day for two weeks (typically held during the summer vacation) Price 16.800,- payable before class start<\/p>\n<p>&nbsp;<\/p>\n<p>You can sign up for a class by clicking <a href=\"https:\/\/korekompagniet.dk\/en\/how-to-sign-up\/\">here<\/a>.<\/p>\n<p>You can also find our prices by clicking <a href=\"https:\/\/korekompagniet.dk\/koerekort-til-bil\/\">here<\/a>.[\/vc_column_text][\/vc_column][vc_column css=&#8221;.vc_custom_1676835406171{background-image: url(https:\/\/korekompagniet.dk\/wp-content\/uploads\/2023\/02\/image00011-scaled.jpg?id=5126) !important;background-position: center !important;background-repeat: no-repeat !important;background-size: cover !important;}&#8221; offset=&#8221;vc_col-lg-6 vc_col-md-5 vc_col-xs-12&#8243;]<div class=\"ult-spacer spacer-69f5e0527fa6c\" data-id=\"69f5e0527fa6c\" data-height=\"\" data-height-mobile=\"300\" data-height-tab=\"400\" data-height-tab-portrait=\"400\" data-height-mobile-landscape=\"300\" style=\"clear:both;display:block;\"><\/div>[\/vc_column][\/vc_row][vc_row full_width=&#8221;stretch_row&#8221; el_class=&#8221;parallax overlay&#8221; css=&#8221;.vc_custom_1676825207234{background-image: url(https:\/\/korekompagniet.dk\/wp-content\/uploads\/2023\/02\/image00021-scaled.jpg?id=5136) !important;background-position: center !important;background-repeat: no-repeat !important;background-size: cover !important;}&#8221;][vc_column]<div class=\"ult-spacer spacer-69f5e0527fab3\" data-id=\"69f5e0527fab3\" data-height=\"135\" data-height-mobile=\"90\" data-height-tab=\"135\" data-height-tab-portrait=\"90\" data-height-mobile-landscape=\"90\" style=\"clear:both;display:block;\"><\/div>[vc_row_inner][vc_column_inner offset=&#8221;vc_col-lg-2 vc_col-md-2 vc_col-xs-12&#8243;][\/vc_column_inner][vc_column_inner offset=&#8221;vc_col-lg-8 vc_col-md-8 vc_col-xs-12&#8243;][vc_column_text]<\/p>\n<h3 style=\"text-align: center;\">Contact us today<\/h3>\n<p style=\"text-align: center;\">We are ready to answer any questions you may have that are not answered on this website. So don&#8217;t hesitate to call or write to us on <a href=\"tel:22253336\">(+45) 22 25 33 36<\/a> or email <a href=\"mailto:Korekompagniet@gmail.com\">Korekompagniet@gmail.com.<\/a> We look forward to hearing from you.  <\/p>\n<p>[\/vc_column_text][vc_empty_space height=&#8221;30px&#8221;][vc_btn title=&#8221;Sign up for a class today&#8221; style=&#8221;outline-custom&#8221; outline_custom_color=&#8221;#666666&#8243; outline_custom_hover_background=&#8221;#666666&#8243; outline_custom_hover_text=&#8221;#ffffff&#8221; shape=&#8221;square&#8221; align=&#8221;center&#8221; link=&#8221;url:https%3A%2F%2Fkorekompagniet.dk%2Ftilmeld%2F|title:Sign%20up|&#8221; el_class=&#8221;accent-outline-bg&#8221;][\/vc_column_inner][vc_column_inner offset=&#8221;vc_col-lg-2 vc_col-md-2 vc_col-xs-12&#8243;][\/vc_column_inner][\/vc_row_inner]<div class=\"ult-spacer spacer-69f5e0527fad6\" data-id=\"69f5e0527fad6\" data-height=\"135\" data-height-mobile=\"90\" data-height-tab=\"135\" data-height-tab-portrait=\"90\" data-height-mobile-landscape=\"90\" style=\"clear:both;display:block;\"><\/div>[\/vc_column][\/vc_row]<\/p>\n<\/section>","protected":false},"excerpt":{"rendered":"<p>Let us handle your next project. Here you can get an insight into what we can help you with in this area. <\/p>\n","protected":false},"author":1,"featured_media":0,"parent":0,"menu_order":3,"comment_status":"closed","ping_status":"closed","template":"","meta":{"footnotes":""},"categories":[25],"acf":[],"yoast_head":"<!-- This site is optimized with the Yoast SEO plugin v20.10 - https:\/\/yoast.com\/wordpress\/plugins\/seo\/ -->\n<title>Team start &middot; K\u00f8reskolen K\u00f8rekompagniet ApS<\/title>\n<meta name=\"robots\" content=\"index, follow, max-snippet:-1, max-image-preview:large, max-video-preview:-1\" \/>\n<link rel=\"canonical\" href=\"https:\/\/korekompagniet.dk\/en\/team-start\/\" \/>\n<meta property=\"og:locale\" content=\"en_US\" \/>\n<meta property=\"og:type\" content=\"article\" \/>\n<meta property=\"og:title\" content=\"Team start &middot; K\u00f8reskolen K\u00f8rekompagniet ApS\" \/>\n<meta property=\"og:description\" content=\"Let us handle your next project. Here you can get an insight into what we can help you with in this area.\" \/>\n<meta property=\"og:url\" content=\"https:\/\/korekompagniet.dk\/en\/team-start\/\" \/>\n<meta property=\"og:site_name\" content=\"K\u00f8reskolen K\u00f8rekompagniet ApS\" \/>\n<meta property=\"article:modified_time\" content=\"2025-07-28T06:51:27+00:00\" \/>\n<meta name=\"twitter:card\" content=\"summary_large_image\" \/>\n<meta name=\"twitter:label1\" content=\"Est. reading time\" \/>\n\t<meta name=\"twitter:data1\" content=\"3 minutes\" \/>\n<script type=\"application\/ld+json\" class=\"yoast-schema-graph\">{\"@context\":\"https:\/\/schema.org\",\"@graph\":[{\"@type\":\"WebPage\",\"@id\":\"https:\/\/korekompagniet.dk\/en\/team-start\/\",\"url\":\"https:\/\/korekompagniet.dk\/en\/team-start\/\",\"name\":\"Team start &middot; K\u00f8reskolen K\u00f8rekompagniet ApS\",\"isPartOf\":{\"@id\":\"https:\/\/korekompagniet.dk\/en\/#website\"},\"datePublished\":\"2022-10-29T04:28:37+00:00\",\"dateModified\":\"2025-07-28T06:51:27+00:00\",\"breadcrumb\":{\"@id\":\"https:\/\/korekompagniet.dk\/en\/team-start\/#breadcrumb\"},\"inLanguage\":\"en-US\",\"potentialAction\":[{\"@type\":\"ReadAction\",\"target\":[\"https:\/\/korekompagniet.dk\/en\/team-start\/\"]}]},{\"@type\":\"BreadcrumbList\",\"@id\":\"https:\/\/korekompagniet.dk\/en\/team-start\/#breadcrumb\",\"itemListElement\":[{\"@type\":\"ListItem\",\"position\":1,\"name\":\"Hjem\",\"item\":\"https:\/\/korekompagniet.dk\/en\/home-page\/\"},{\"@type\":\"ListItem\",\"position\":2,\"name\":\"Team start\"}]},{\"@type\":\"WebSite\",\"@id\":\"https:\/\/korekompagniet.dk\/en\/#website\",\"url\":\"https:\/\/korekompagniet.dk\/en\/\",\"name\":\"K\u00f8reskolen K\u00f8rekompagniet ApS\",\"description\":\"K\u00f8reskole, k\u00f8rekort og teoripr\u00f8ve i \u00c5rhus og H\u00f8jbjerg\",\"publisher\":{\"@id\":\"https:\/\/korekompagniet.dk\/en\/#organization\"},\"potentialAction\":[{\"@type\":\"SearchAction\",\"target\":{\"@type\":\"EntryPoint\",\"urlTemplate\":\"https:\/\/korekompagniet.dk\/en\/?s={search_term_string}\"},\"query-input\":\"required name=search_term_string\"}],\"inLanguage\":\"en-US\"},{\"@type\":\"Organization\",\"@id\":\"https:\/\/korekompagniet.dk\/en\/#organization\",\"name\":\"K\u00f8reskolen K\u00f8rekompagniet ApS\",\"url\":\"https:\/\/korekompagniet.dk\/en\/\",\"logo\":{\"@type\":\"ImageObject\",\"inLanguage\":\"en-US\",\"@id\":\"https:\/\/korekompagniet.dk\/en\/#\/schema\/logo\/image\/\",\"url\":\"https:\/\/korekompagniet.dk\/wp-content\/uploads\/2023\/02\/koerekompagniet-logo.png\",\"contentUrl\":\"https:\/\/korekompagniet.dk\/wp-content\/uploads\/2023\/02\/koerekompagniet-logo.png\",\"width\":2048,\"height\":737,\"caption\":\"K\u00f8reskolen K\u00f8rekompagniet ApS\"},\"image\":{\"@id\":\"https:\/\/korekompagniet.dk\/en\/#\/schema\/logo\/image\/\"}}]}<\/script>\n<!-- \/ Yoast SEO plugin. -->","yoast_head_json":{"title":"Team start &middot; K\u00f8reskolen K\u00f8rekompagniet ApS","robots":{"index":"index","follow":"follow","max-snippet":"max-snippet:-1","max-image-preview":"max-image-preview:large","max-video-preview":"max-video-preview:-1"},"canonical":"https:\/\/korekompagniet.dk\/en\/team-start\/","og_locale":"en_US","og_type":"article","og_title":"Team start &middot; K\u00f8reskolen K\u00f8rekompagniet ApS","og_description":"Let us handle your next project. Here you can get an insight into what we can help you with in this area.","og_url":"https:\/\/korekompagniet.dk\/en\/team-start\/","og_site_name":"K\u00f8reskolen K\u00f8rekompagniet ApS","article_modified_time":"2025-07-28T06:51:27+00:00","twitter_card":"summary_large_image","twitter_misc":{"Est. reading time":"3 minutes"},"schema":{"@context":"https:\/\/schema.org","@graph":[{"@type":"WebPage","@id":"https:\/\/korekompagniet.dk\/en\/team-start\/","url":"https:\/\/korekompagniet.dk\/en\/team-start\/","name":"Team start &middot; K\u00f8reskolen K\u00f8rekompagniet ApS","isPartOf":{"@id":"https:\/\/korekompagniet.dk\/en\/#website"},"datePublished":"2022-10-29T04:28:37+00:00","dateModified":"2025-07-28T06:51:27+00:00","breadcrumb":{"@id":"https:\/\/korekompagniet.dk\/en\/team-start\/#breadcrumb"},"inLanguage":"en-US","potentialAction":[{"@type":"ReadAction","target":["https:\/\/korekompagniet.dk\/en\/team-start\/"]}]},{"@type":"BreadcrumbList","@id":"https:\/\/korekompagniet.dk\/en\/team-start\/#breadcrumb","itemListElement":[{"@type":"ListItem","position":1,"name":"Hjem","item":"https:\/\/korekompagniet.dk\/en\/home-page\/"},{"@type":"ListItem","position":2,"name":"Team start"}]},{"@type":"WebSite","@id":"https:\/\/korekompagniet.dk\/en\/#website","url":"https:\/\/korekompagniet.dk\/en\/","name":"K\u00f8reskolen K\u00f8rekompagniet ApS","description":"K\u00f8reskole, k\u00f8rekort og teoripr\u00f8ve i \u00c5rhus og H\u00f8jbjerg","publisher":{"@id":"https:\/\/korekompagniet.dk\/en\/#organization"},"potentialAction":[{"@type":"SearchAction","target":{"@type":"EntryPoint","urlTemplate":"https:\/\/korekompagniet.dk\/en\/?s={search_term_string}"},"query-input":"required name=search_term_string"}],"inLanguage":"en-US"},{"@type":"Organization","@id":"https:\/\/korekompagniet.dk\/en\/#organization","name":"K\u00f8reskolen K\u00f8rekompagniet ApS","url":"https:\/\/korekompagniet.dk\/en\/","logo":{"@type":"ImageObject","inLanguage":"en-US","@id":"https:\/\/korekompagniet.dk\/en\/#\/schema\/logo\/image\/","url":"https:\/\/korekompagniet.dk\/wp-content\/uploads\/2023\/02\/koerekompagniet-logo.png","contentUrl":"https:\/\/korekompagniet.dk\/wp-content\/uploads\/2023\/02\/koerekompagniet-logo.png","width":2048,"height":737,"caption":"K\u00f8reskolen K\u00f8rekompagniet ApS"},"image":{"@id":"https:\/\/korekompagniet.dk\/en\/#\/schema\/logo\/image\/"}}]}},"_links":{"self":[{"href":"https:\/\/korekompagniet.dk\/en\/wp-json\/wp\/v2\/pages\/5736"}],"collection":[{"href":"https:\/\/korekompagniet.dk\/en\/wp-json\/wp\/v2\/pages"}],"about":[{"href":"https:\/\/korekompagniet.dk\/en\/wp-json\/wp\/v2\/types\/page"}],"author":[{"embeddable":true,"href":"https:\/\/korekompagniet.dk\/en\/wp-json\/wp\/v2\/users\/1"}],"replies":[{"embeddable":true,"href":"https:\/\/korekompagniet.dk\/en\/wp-json\/wp\/v2\/comments?post=5736"}],"version-history":[{"count":2,"href":"https:\/\/korekompagniet.dk\/en\/wp-json\/wp\/v2\/pages\/5736\/revisions"}],"predecessor-version":[{"id":5738,"href":"https:\/\/korekompagniet.dk\/en\/wp-json\/wp\/v2\/pages\/5736\/revisions\/5738"}],"wp:attachment":[{"href":"https:\/\/korekompagniet.dk\/en\/wp-json\/wp\/v2\/media?parent=5736"}],"wp:term":[{"taxonomy":"category","embeddable":true,"href":"https:\/\/korekompagniet.dk\/en\/wp-json\/wp\/v2\/categories?post=5736"}],"curies":[{"name":"wp","href":"https:\/\/api.w.org\/{rel}","templated":true}]}}