{"id":5733,"date":"2022-10-29T06:28:37","date_gmt":"2022-10-29T04:28:37","guid":{"rendered":"https:\/\/korekompagniet.dk\/how-to-sign-up\/"},"modified":"2025-07-29T08:44:10","modified_gmt":"2025-07-29T06:44:10","slug":"how-to-sign-up","status":"publish","type":"page","link":"https:\/\/korekompagniet.dk\/en\/how-to-sign-up\/","title":{"rendered":"Sign up"},"content":{"rendered":"<section class=\"wpb-content-wrapper\"><p>[vc_row full_width=&#8221;stretch_row_content_no_spaces&#8221; equal_height=&#8221;yes&#8221; css=&#8221;.vc_custom_1676725984159{border: 2px solid #d8c186 !important;}&#8221;][vc_column css_animation=&#8221;fadeIn&#8221; el_class=&#8221;stretch&#8221; offset=&#8221;vc_col-lg-6 vc_col-md-7 vc_col-xs-12&#8243;][vc_column_text el_class=&#8221;custom&#8221;]<\/p>\n<h2>Sign up for your license here<\/h2>\n<p><span style=\"color: #ffffff;\"><strong>Upcoming class dates will appear after you fill in the contact information.<\/strong><\/span>[\/vc_column_text][vc_empty_space height=&#8221;10px&#8221;][vc_raw_html]JTVCZm9ybWluYXRvcl9mb3JtJTIwaWQlM0QlMjI1ODEwJTIyJTVE[\/vc_raw_html][vc_empty_space height=&#8221;30px&#8221;][vc_column_text]Once you&#8217;ve signed up, it&#8217;s a good idea to be well prepared for the start of the class by following our short guide <a href=\"https:\/\/korekompagniet.dk\/en\/the-best-start\/\">here<\/a>.[\/vc_column_text][\/vc_column][vc_column css=&#8221;.vc_custom_1676835617814{background-image: url(https:\/\/korekompagniet.dk\/wp-content\/uploads\/2023\/02\/image00133.jpg?id=5143) !important;background-position: center !important;background-repeat: no-repeat !important;background-size: cover !important;}&#8221; offset=&#8221;vc_col-lg-6 vc_col-md-5 vc_col-xs-12&#8243;]<div class=\"ult-spacer spacer-69f44615e03eb\" data-id=\"69f44615e03eb\" data-height=\"\" data-height-mobile=\"300\" data-height-tab=\"400\" data-height-tab-portrait=\"400\" data-height-mobile-landscape=\"300\" style=\"clear:both;display:block;\"><\/div>[\/vc_column][\/vc_row][vc_row full_width=&#8221;stretch_row&#8221; el_class=&#8221;parallax overlay&#8221; css=&#8221;.vc_custom_1676825207234{background-image: url(https:\/\/korekompagniet.dk\/wp-content\/uploads\/2023\/02\/image00021-scaled.jpg?id=5136) !important;background-position: center !important;background-repeat: no-repeat !important;background-size: cover !important;}&#8221;][vc_column]<div class=\"ult-spacer spacer-69f44615e0438\" data-id=\"69f44615e0438\" data-height=\"135\" data-height-mobile=\"90\" data-height-tab=\"135\" data-height-tab-portrait=\"90\" data-height-mobile-landscape=\"90\" style=\"clear:both;display:block;\"><\/div>[vc_row_inner][vc_column_inner offset=&#8221;vc_col-lg-2 vc_col-md-2 vc_col-xs-12&#8243;][\/vc_column_inner][vc_column_inner offset=&#8221;vc_col-lg-8 vc_col-md-8 vc_col-xs-12&#8243;][vc_column_text]<\/p>\n<h3 style=\"text-align: center;\">Contact us today<\/h3>\n<p style=\"text-align: center;\">We are ready to answer any questions you may have that are not answered on this website. So don&#8217;t hesitate to call or write to us on <a href=\"tel:22253336\">(+45) 22 25 33 36<\/a> or email <a href=\"mailto:Korekompagniet@gmail.com\">Korekompagniet@gmail.com.<\/a> We look forward to hearing from you.<\/p>\n<p>[\/vc_column_text][vc_empty_space height=&#8221;30px&#8221;][vc_btn title=&#8221;Contact us today&#8221; style=&#8221;outline-custom&#8221; outline_custom_color=&#8221;#666666&#8243; outline_custom_hover_background=&#8221;#666666&#8243; outline_custom_hover_text=&#8221;#ffffff&#8221; shape=&#8221;square&#8221; align=&#8221;center&#8221; link=&#8221;url:https%3A%2F%2Fkorekompagniet.dk%2Fkontakt%2F|title:Contact%20us|&#8221; el_class=&#8221;accent-outline-bg&#8221;][\/vc_column_inner][vc_column_inner offset=&#8221;vc_col-lg-2 vc_col-md-2 vc_col-xs-12&#8243;][\/vc_column_inner][\/vc_row_inner]<div class=\"ult-spacer spacer-69f44615e0462\" data-id=\"69f44615e0462\" data-height=\"135\" data-height-mobile=\"90\" data-height-tab=\"135\" data-height-tab-portrait=\"90\" data-height-mobile-landscape=\"90\" style=\"clear:both;display:block;\"><\/div>[\/vc_column][\/vc_row]<\/p>\n<\/section>","protected":false},"excerpt":{"rendered":"<p>Let us handle your next project. Here you can get an insight into what we can help you with in this area. <\/p>\n","protected":false},"author":1,"featured_media":0,"parent":0,"menu_order":4,"comment_status":"closed","ping_status":"closed","template":"","meta":{"footnotes":""},"categories":[25],"acf":[],"yoast_head":"<!-- This site is optimized with the Yoast SEO plugin v20.10 - https:\/\/yoast.com\/wordpress\/plugins\/seo\/ -->\n<title>Sign up &middot; K\u00f8reskolen K\u00f8rekompagniet ApS<\/title>\n<meta name=\"robots\" content=\"index, follow, max-snippet:-1, max-image-preview:large, max-video-preview:-1\" \/>\n<link rel=\"canonical\" href=\"https:\/\/korekompagniet.dk\/en\/how-to-sign-up\/\" \/>\n<meta property=\"og:locale\" content=\"en_US\" \/>\n<meta property=\"og:type\" content=\"article\" \/>\n<meta property=\"og:title\" content=\"Sign up &middot; K\u00f8reskolen K\u00f8rekompagniet ApS\" \/>\n<meta property=\"og:description\" content=\"Let us handle your next project. Here you can get an insight into what we can help you with in this area.\" \/>\n<meta property=\"og:url\" content=\"https:\/\/korekompagniet.dk\/en\/how-to-sign-up\/\" \/>\n<meta property=\"og:site_name\" content=\"K\u00f8reskolen K\u00f8rekompagniet ApS\" \/>\n<meta property=\"article:modified_time\" content=\"2025-07-29T06:44:10+00:00\" \/>\n<meta name=\"twitter:card\" content=\"summary_large_image\" \/>\n<meta name=\"twitter:label1\" content=\"Est. reading time\" \/>\n\t<meta name=\"twitter:data1\" content=\"1 minute\" \/>\n<script type=\"application\/ld+json\" class=\"yoast-schema-graph\">{\"@context\":\"https:\/\/schema.org\",\"@graph\":[{\"@type\":\"WebPage\",\"@id\":\"https:\/\/korekompagniet.dk\/en\/how-to-sign-up\/\",\"url\":\"https:\/\/korekompagniet.dk\/en\/how-to-sign-up\/\",\"name\":\"Sign up &middot; K\u00f8reskolen K\u00f8rekompagniet ApS\",\"isPartOf\":{\"@id\":\"https:\/\/korekompagniet.dk\/en\/#website\"},\"datePublished\":\"2022-10-29T04:28:37+00:00\",\"dateModified\":\"2025-07-29T06:44:10+00:00\",\"breadcrumb\":{\"@id\":\"https:\/\/korekompagniet.dk\/en\/how-to-sign-up\/#breadcrumb\"},\"inLanguage\":\"en-US\",\"potentialAction\":[{\"@type\":\"ReadAction\",\"target\":[\"https:\/\/korekompagniet.dk\/en\/how-to-sign-up\/\"]}]},{\"@type\":\"BreadcrumbList\",\"@id\":\"https:\/\/korekompagniet.dk\/en\/how-to-sign-up\/#breadcrumb\",\"itemListElement\":[{\"@type\":\"ListItem\",\"position\":1,\"name\":\"Hjem\",\"item\":\"https:\/\/korekompagniet.dk\/en\/home-page\/\"},{\"@type\":\"ListItem\",\"position\":2,\"name\":\"Sign up\"}]},{\"@type\":\"WebSite\",\"@id\":\"https:\/\/korekompagniet.dk\/en\/#website\",\"url\":\"https:\/\/korekompagniet.dk\/en\/\",\"name\":\"K\u00f8reskolen K\u00f8rekompagniet ApS\",\"description\":\"K\u00f8reskole, k\u00f8rekort og teoripr\u00f8ve i \u00c5rhus og H\u00f8jbjerg\",\"publisher\":{\"@id\":\"https:\/\/korekompagniet.dk\/en\/#organization\"},\"potentialAction\":[{\"@type\":\"SearchAction\",\"target\":{\"@type\":\"EntryPoint\",\"urlTemplate\":\"https:\/\/korekompagniet.dk\/en\/?s={search_term_string}\"},\"query-input\":\"required name=search_term_string\"}],\"inLanguage\":\"en-US\"},{\"@type\":\"Organization\",\"@id\":\"https:\/\/korekompagniet.dk\/en\/#organization\",\"name\":\"K\u00f8reskolen K\u00f8rekompagniet ApS\",\"url\":\"https:\/\/korekompagniet.dk\/en\/\",\"logo\":{\"@type\":\"ImageObject\",\"inLanguage\":\"en-US\",\"@id\":\"https:\/\/korekompagniet.dk\/en\/#\/schema\/logo\/image\/\",\"url\":\"https:\/\/korekompagniet.dk\/wp-content\/uploads\/2023\/02\/koerekompagniet-logo.png\",\"contentUrl\":\"https:\/\/korekompagniet.dk\/wp-content\/uploads\/2023\/02\/koerekompagniet-logo.png\",\"width\":2048,\"height\":737,\"caption\":\"K\u00f8reskolen K\u00f8rekompagniet ApS\"},\"image\":{\"@id\":\"https:\/\/korekompagniet.dk\/en\/#\/schema\/logo\/image\/\"}}]}<\/script>\n<!-- \/ Yoast SEO plugin. -->","yoast_head_json":{"title":"Sign up &middot; K\u00f8reskolen K\u00f8rekompagniet ApS","robots":{"index":"index","follow":"follow","max-snippet":"max-snippet:-1","max-image-preview":"max-image-preview:large","max-video-preview":"max-video-preview:-1"},"canonical":"https:\/\/korekompagniet.dk\/en\/how-to-sign-up\/","og_locale":"en_US","og_type":"article","og_title":"Sign up &middot; K\u00f8reskolen K\u00f8rekompagniet ApS","og_description":"Let us handle your next project. Here you can get an insight into what we can help you with in this area.","og_url":"https:\/\/korekompagniet.dk\/en\/how-to-sign-up\/","og_site_name":"K\u00f8reskolen K\u00f8rekompagniet ApS","article_modified_time":"2025-07-29T06:44:10+00:00","twitter_card":"summary_large_image","twitter_misc":{"Est. reading time":"1 minute"},"schema":{"@context":"https:\/\/schema.org","@graph":[{"@type":"WebPage","@id":"https:\/\/korekompagniet.dk\/en\/how-to-sign-up\/","url":"https:\/\/korekompagniet.dk\/en\/how-to-sign-up\/","name":"Sign up &middot; K\u00f8reskolen K\u00f8rekompagniet ApS","isPartOf":{"@id":"https:\/\/korekompagniet.dk\/en\/#website"},"datePublished":"2022-10-29T04:28:37+00:00","dateModified":"2025-07-29T06:44:10+00:00","breadcrumb":{"@id":"https:\/\/korekompagniet.dk\/en\/how-to-sign-up\/#breadcrumb"},"inLanguage":"en-US","potentialAction":[{"@type":"ReadAction","target":["https:\/\/korekompagniet.dk\/en\/how-to-sign-up\/"]}]},{"@type":"BreadcrumbList","@id":"https:\/\/korekompagniet.dk\/en\/how-to-sign-up\/#breadcrumb","itemListElement":[{"@type":"ListItem","position":1,"name":"Hjem","item":"https:\/\/korekompagniet.dk\/en\/home-page\/"},{"@type":"ListItem","position":2,"name":"Sign up"}]},{"@type":"WebSite","@id":"https:\/\/korekompagniet.dk\/en\/#website","url":"https:\/\/korekompagniet.dk\/en\/","name":"K\u00f8reskolen K\u00f8rekompagniet ApS","description":"K\u00f8reskole, k\u00f8rekort og teoripr\u00f8ve i \u00c5rhus og H\u00f8jbjerg","publisher":{"@id":"https:\/\/korekompagniet.dk\/en\/#organization"},"potentialAction":[{"@type":"SearchAction","target":{"@type":"EntryPoint","urlTemplate":"https:\/\/korekompagniet.dk\/en\/?s={search_term_string}"},"query-input":"required name=search_term_string"}],"inLanguage":"en-US"},{"@type":"Organization","@id":"https:\/\/korekompagniet.dk\/en\/#organization","name":"K\u00f8reskolen K\u00f8rekompagniet ApS","url":"https:\/\/korekompagniet.dk\/en\/","logo":{"@type":"ImageObject","inLanguage":"en-US","@id":"https:\/\/korekompagniet.dk\/en\/#\/schema\/logo\/image\/","url":"https:\/\/korekompagniet.dk\/wp-content\/uploads\/2023\/02\/koerekompagniet-logo.png","contentUrl":"https:\/\/korekompagniet.dk\/wp-content\/uploads\/2023\/02\/koerekompagniet-logo.png","width":2048,"height":737,"caption":"K\u00f8reskolen K\u00f8rekompagniet ApS"},"image":{"@id":"https:\/\/korekompagniet.dk\/en\/#\/schema\/logo\/image\/"}}]}},"_links":{"self":[{"href":"https:\/\/korekompagniet.dk\/en\/wp-json\/wp\/v2\/pages\/5733"}],"collection":[{"href":"https:\/\/korekompagniet.dk\/en\/wp-json\/wp\/v2\/pages"}],"about":[{"href":"https:\/\/korekompagniet.dk\/en\/wp-json\/wp\/v2\/types\/page"}],"author":[{"embeddable":true,"href":"https:\/\/korekompagniet.dk\/en\/wp-json\/wp\/v2\/users\/1"}],"replies":[{"embeddable":true,"href":"https:\/\/korekompagniet.dk\/en\/wp-json\/wp\/v2\/comments?post=5733"}],"version-history":[{"count":7,"href":"https:\/\/korekompagniet.dk\/en\/wp-json\/wp\/v2\/pages\/5733\/revisions"}],"predecessor-version":[{"id":5812,"href":"https:\/\/korekompagniet.dk\/en\/wp-json\/wp\/v2\/pages\/5733\/revisions\/5812"}],"wp:attachment":[{"href":"https:\/\/korekompagniet.dk\/en\/wp-json\/wp\/v2\/media?parent=5733"}],"wp:term":[{"taxonomy":"category","embeddable":true,"href":"https:\/\/korekompagniet.dk\/en\/wp-json\/wp\/v2\/categories?post=5733"}],"curies":[{"name":"wp","href":"https:\/\/api.w.org\/{rel}","templated":true}]}}