{"id":5725,"date":"2023-02-19T20:41:13","date_gmt":"2023-02-19T19:41:13","guid":{"rendered":"https:\/\/korekompagniet.dk\/the-best-start\/"},"modified":"2025-07-28T08:51:22","modified_gmt":"2025-07-28T06:51:22","slug":"the-best-start","status":"publish","type":"page","link":"https:\/\/korekompagniet.dk\/en\/the-best-start\/","title":{"rendered":"The best start"},"content":{"rendered":"<section class=\"wpb-content-wrapper\"><p>[vc_row full_width=&#8221;stretch_row_content_no_spaces&#8221; equal_height=&#8221;yes&#8221; css=&#8221;.vc_custom_1676725984159{border: 2px solid #d8c186 !important;}&#8221;][vc_column css_animation=&#8221;fadeIn&#8221; el_class=&#8221;stretch&#8221; offset=&#8221;vc_col-lg-6 vc_col-md-7 vc_col-xs-12&#8243;][vc_column_text el_class=&#8221;custom&#8221;]<\/p>\n<h2>The best start is to be prepared<\/h2>\n<p>[\/vc_column_text][vc_empty_space height=&#8221;10px&#8221;][vc_column_text]Once you&#8217;ve decided to get your license, there are a few things you need to take care of.<\/p>\n<h3>You need to get the following 4 things under control as soon as possible:<\/h3>\n<p><strong>1. Registration in <a href=\"https:\/\/koreprovebooking.dk\/\" target=\"_blank\" rel=\"noopener\">driving test booking<\/a><\/strong>, can be done at the earliest on the day when there are three months until you turn 17 years. you must log in as an applicant with your my-id. here you must fill in, print (11 pages) and bring the application (p23) to class start at the driving school, you will also be charged a test fee to the Danish Road Traffic Agency of 1200, -kr this is for you to come to the theory driving test and can only be paid via koreprovebooking  <\/p>\n<p>If you are under 18 years old, both your parents will be notified via e-Boks (this MUST be approved by BOTH parents) if it is not sent to your parents&#8217; e-Boks, a <a href=\"\/wp-content\/uploads\/2023\/02\/kk002.pdf\" target=\"_blank\" rel=\"noopener\">parental consent form<\/a> must be printed and brought along, which must also be signed by both parents<\/p>\n<p><strong>2. Medical certificate<\/strong>, you must call your own doctor as soon as possible and ask for a medical certificate to be made for approval of driving license category B, most doctors will send this digitally to the citizen service, if not, you will receive an envelope with the medical certificate which must be handed in at the driving school<\/p>\n<p><strong>3. passport photo<\/strong>, you need 1 passport photo that is used on your driver&#8217;s license, it must be brought in physical form, we recommend that you use <a href=\"https:\/\/idfotos.dk\/\" target=\"_blank\" rel=\"noopener\">idfotos<\/a> which is a user-friendly app for your phone that allows you to try a lot of times and only pay for the photo that you approve, they typically ship the same day as you have placed the order.<\/p>\n<p>We have made a discount deal with IDFOTOS for your benefit, in the voucher field type rattil10 and you will automatically get 10% off your order<\/p>\n<p><strong>4. Traffic-related first aid<\/strong>, you must have a first aid certificate to get a driving license and it must be traffic-related, we have a permanent instructor at the driving school who regularly conducts first aid courses, we send out a message to the students who are registered via email or SMS<\/p>\n<p>Please bring the application (p-23) from koreprovebooking to the start of the class at the driving school and have your passport photo, medical certificate, first aid and parental consent (only under 18) ready as soon as possible, as these are required to take the theory and driving test. The driving school will then ensure that these are handed in for approval at Citizen Services.[\/vc_column_text][\/vc_column][vc_column css=&#8221;.vc_custom_1676836280198{background-image: url(https:\/\/korekompagniet.dk\/wp-content\/uploads\/2023\/02\/image00132-scaled.jpg?id=5142) !important;background-position: center !important;background-repeat: no-repeat !important;background-size: cover !important;}&#8221; offset=&#8221;vc_col-lg-6 vc_col-md-5 vc_col-xs-12&#8243;]<div class=\"ult-spacer spacer-69f63326a00b1\" data-id=\"69f63326a00b1\" data-height=\"\" data-height-mobile=\"300\" data-height-tab=\"400\" data-height-tab-portrait=\"400\" data-height-mobile-landscape=\"300\" style=\"clear:both;display:block;\"><\/div>[\/vc_column][\/vc_row][vc_row full_width=&#8221;stretch_row&#8221; el_class=&#8221;parallax overlay&#8221; css=&#8221;.vc_custom_1676825207234{background-image: url(https:\/\/korekompagniet.dk\/wp-content\/uploads\/2023\/02\/image00021-scaled.jpg?id=5136) !important;background-position: center !important;background-repeat: no-repeat !important;background-size: cover !important;}&#8221;][vc_column]<div class=\"ult-spacer spacer-69f63326a00f1\" data-id=\"69f63326a00f1\" data-height=\"135\" data-height-mobile=\"90\" data-height-tab=\"135\" data-height-tab-portrait=\"90\" data-height-mobile-landscape=\"90\" style=\"clear:both;display:block;\"><\/div>[vc_row_inner][vc_column_inner offset=&#8221;vc_col-lg-2 vc_col-md-2 vc_col-xs-12&#8243;][\/vc_column_inner][vc_column_inner offset=&#8221;vc_col-lg-8 vc_col-md-8 vc_col-xs-12&#8243;][vc_column_text]<\/p>\n<h3 style=\"text-align: center;\">Contact us today<\/h3>\n<p style=\"text-align: center;\">We are ready to answer any questions you may have that are not answered on this website. So don&#8217;t hesitate to call or write to us on <a href=\"tel:22253336\">(+45) 22 25 33 36<\/a> or email <a href=\"mailto:Korekompagniet@gmail.com\">Korekompagniet@gmail.com.<\/a> We look forward to hearing from you.  <\/p>\n<p>[\/vc_column_text][vc_empty_space height=&#8221;30px&#8221;][vc_btn title=&#8221;Sign up for a class today&#8221; style=&#8221;outline-custom&#8221; outline_custom_color=&#8221;#666666&#8243; outline_custom_hover_background=&#8221;#666666&#8243; outline_custom_hover_text=&#8221;#ffffff&#8221; shape=&#8221;square&#8221; align=&#8221;center&#8221; link=&#8221;url:https%3A%2F%2Fkorekompagniet.dk%2Ftilmeld%2F|title:Sign%20up|&#8221; el_class=&#8221;accent-outline-bg&#8221;][\/vc_column_inner][vc_column_inner offset=&#8221;vc_col-lg-2 vc_col-md-2 vc_col-xs-12&#8243;][\/vc_column_inner][\/vc_row_inner]<div class=\"ult-spacer spacer-69f63326a0122\" data-id=\"69f63326a0122\" data-height=\"135\" data-height-mobile=\"90\" data-height-tab=\"135\" data-height-tab-portrait=\"90\" data-height-mobile-landscape=\"90\" style=\"clear:both;display:block;\"><\/div>[\/vc_column][\/vc_row]<\/p>\n<\/section>","protected":false},"excerpt":{"rendered":"<p>Let us handle your next project. Here you can get an insight into what we can help you with in this area. <\/p>\n","protected":false},"author":1,"featured_media":0,"parent":0,"menu_order":5,"comment_status":"closed","ping_status":"closed","template":"","meta":{"footnotes":""},"categories":[25],"acf":[],"yoast_head":"<!-- This site is optimized with the Yoast SEO plugin v20.10 - https:\/\/yoast.com\/wordpress\/plugins\/seo\/ -->\n<title>The best start &middot; K\u00f8reskolen K\u00f8rekompagniet ApS<\/title>\n<meta name=\"robots\" content=\"index, follow, max-snippet:-1, max-image-preview:large, max-video-preview:-1\" \/>\n<link rel=\"canonical\" href=\"https:\/\/korekompagniet.dk\/en\/the-best-start\/\" \/>\n<meta property=\"og:locale\" content=\"en_US\" \/>\n<meta property=\"og:type\" content=\"article\" \/>\n<meta property=\"og:title\" content=\"The best start &middot; K\u00f8reskolen K\u00f8rekompagniet ApS\" \/>\n<meta property=\"og:description\" content=\"Let us handle your next project. Here you can get an insight into what we can help you with in this area.\" \/>\n<meta property=\"og:url\" content=\"https:\/\/korekompagniet.dk\/en\/the-best-start\/\" \/>\n<meta property=\"og:site_name\" content=\"K\u00f8reskolen K\u00f8rekompagniet ApS\" \/>\n<meta property=\"article:modified_time\" content=\"2025-07-28T06:51:22+00:00\" \/>\n<meta name=\"twitter:card\" content=\"summary_large_image\" \/>\n<meta name=\"twitter:label1\" content=\"Est. reading time\" \/>\n\t<meta name=\"twitter:data1\" content=\"4 minutes\" \/>\n<script type=\"application\/ld+json\" class=\"yoast-schema-graph\">{\"@context\":\"https:\/\/schema.org\",\"@graph\":[{\"@type\":\"WebPage\",\"@id\":\"https:\/\/korekompagniet.dk\/en\/the-best-start\/\",\"url\":\"https:\/\/korekompagniet.dk\/en\/the-best-start\/\",\"name\":\"The best start &middot; K\u00f8reskolen K\u00f8rekompagniet ApS\",\"isPartOf\":{\"@id\":\"https:\/\/korekompagniet.dk\/en\/#website\"},\"datePublished\":\"2023-02-19T19:41:13+00:00\",\"dateModified\":\"2025-07-28T06:51:22+00:00\",\"breadcrumb\":{\"@id\":\"https:\/\/korekompagniet.dk\/en\/the-best-start\/#breadcrumb\"},\"inLanguage\":\"en-US\",\"potentialAction\":[{\"@type\":\"ReadAction\",\"target\":[\"https:\/\/korekompagniet.dk\/en\/the-best-start\/\"]}]},{\"@type\":\"BreadcrumbList\",\"@id\":\"https:\/\/korekompagniet.dk\/en\/the-best-start\/#breadcrumb\",\"itemListElement\":[{\"@type\":\"ListItem\",\"position\":1,\"name\":\"Hjem\",\"item\":\"https:\/\/korekompagniet.dk\/en\/home-page\/\"},{\"@type\":\"ListItem\",\"position\":2,\"name\":\"The best start\"}]},{\"@type\":\"WebSite\",\"@id\":\"https:\/\/korekompagniet.dk\/en\/#website\",\"url\":\"https:\/\/korekompagniet.dk\/en\/\",\"name\":\"K\u00f8reskolen K\u00f8rekompagniet ApS\",\"description\":\"K\u00f8reskole, k\u00f8rekort og teoripr\u00f8ve i \u00c5rhus og H\u00f8jbjerg\",\"publisher\":{\"@id\":\"https:\/\/korekompagniet.dk\/en\/#organization\"},\"potentialAction\":[{\"@type\":\"SearchAction\",\"target\":{\"@type\":\"EntryPoint\",\"urlTemplate\":\"https:\/\/korekompagniet.dk\/en\/?s={search_term_string}\"},\"query-input\":\"required name=search_term_string\"}],\"inLanguage\":\"en-US\"},{\"@type\":\"Organization\",\"@id\":\"https:\/\/korekompagniet.dk\/en\/#organization\",\"name\":\"K\u00f8reskolen K\u00f8rekompagniet ApS\",\"url\":\"https:\/\/korekompagniet.dk\/en\/\",\"logo\":{\"@type\":\"ImageObject\",\"inLanguage\":\"en-US\",\"@id\":\"https:\/\/korekompagniet.dk\/en\/#\/schema\/logo\/image\/\",\"url\":\"https:\/\/korekompagniet.dk\/wp-content\/uploads\/2023\/02\/koerekompagniet-logo.png\",\"contentUrl\":\"https:\/\/korekompagniet.dk\/wp-content\/uploads\/2023\/02\/koerekompagniet-logo.png\",\"width\":2048,\"height\":737,\"caption\":\"K\u00f8reskolen K\u00f8rekompagniet ApS\"},\"image\":{\"@id\":\"https:\/\/korekompagniet.dk\/en\/#\/schema\/logo\/image\/\"}}]}<\/script>\n<!-- \/ Yoast SEO plugin. -->","yoast_head_json":{"title":"The best start &middot; K\u00f8reskolen K\u00f8rekompagniet ApS","robots":{"index":"index","follow":"follow","max-snippet":"max-snippet:-1","max-image-preview":"max-image-preview:large","max-video-preview":"max-video-preview:-1"},"canonical":"https:\/\/korekompagniet.dk\/en\/the-best-start\/","og_locale":"en_US","og_type":"article","og_title":"The best start &middot; K\u00f8reskolen K\u00f8rekompagniet ApS","og_description":"Let us handle your next project. Here you can get an insight into what we can help you with in this area.","og_url":"https:\/\/korekompagniet.dk\/en\/the-best-start\/","og_site_name":"K\u00f8reskolen K\u00f8rekompagniet ApS","article_modified_time":"2025-07-28T06:51:22+00:00","twitter_card":"summary_large_image","twitter_misc":{"Est. reading time":"4 minutes"},"schema":{"@context":"https:\/\/schema.org","@graph":[{"@type":"WebPage","@id":"https:\/\/korekompagniet.dk\/en\/the-best-start\/","url":"https:\/\/korekompagniet.dk\/en\/the-best-start\/","name":"The best start &middot; K\u00f8reskolen K\u00f8rekompagniet ApS","isPartOf":{"@id":"https:\/\/korekompagniet.dk\/en\/#website"},"datePublished":"2023-02-19T19:41:13+00:00","dateModified":"2025-07-28T06:51:22+00:00","breadcrumb":{"@id":"https:\/\/korekompagniet.dk\/en\/the-best-start\/#breadcrumb"},"inLanguage":"en-US","potentialAction":[{"@type":"ReadAction","target":["https:\/\/korekompagniet.dk\/en\/the-best-start\/"]}]},{"@type":"BreadcrumbList","@id":"https:\/\/korekompagniet.dk\/en\/the-best-start\/#breadcrumb","itemListElement":[{"@type":"ListItem","position":1,"name":"Hjem","item":"https:\/\/korekompagniet.dk\/en\/home-page\/"},{"@type":"ListItem","position":2,"name":"The best start"}]},{"@type":"WebSite","@id":"https:\/\/korekompagniet.dk\/en\/#website","url":"https:\/\/korekompagniet.dk\/en\/","name":"K\u00f8reskolen K\u00f8rekompagniet ApS","description":"K\u00f8reskole, k\u00f8rekort og teoripr\u00f8ve i \u00c5rhus og H\u00f8jbjerg","publisher":{"@id":"https:\/\/korekompagniet.dk\/en\/#organization"},"potentialAction":[{"@type":"SearchAction","target":{"@type":"EntryPoint","urlTemplate":"https:\/\/korekompagniet.dk\/en\/?s={search_term_string}"},"query-input":"required name=search_term_string"}],"inLanguage":"en-US"},{"@type":"Organization","@id":"https:\/\/korekompagniet.dk\/en\/#organization","name":"K\u00f8reskolen K\u00f8rekompagniet ApS","url":"https:\/\/korekompagniet.dk\/en\/","logo":{"@type":"ImageObject","inLanguage":"en-US","@id":"https:\/\/korekompagniet.dk\/en\/#\/schema\/logo\/image\/","url":"https:\/\/korekompagniet.dk\/wp-content\/uploads\/2023\/02\/koerekompagniet-logo.png","contentUrl":"https:\/\/korekompagniet.dk\/wp-content\/uploads\/2023\/02\/koerekompagniet-logo.png","width":2048,"height":737,"caption":"K\u00f8reskolen K\u00f8rekompagniet ApS"},"image":{"@id":"https:\/\/korekompagniet.dk\/en\/#\/schema\/logo\/image\/"}}]}},"_links":{"self":[{"href":"https:\/\/korekompagniet.dk\/en\/wp-json\/wp\/v2\/pages\/5725"}],"collection":[{"href":"https:\/\/korekompagniet.dk\/en\/wp-json\/wp\/v2\/pages"}],"about":[{"href":"https:\/\/korekompagniet.dk\/en\/wp-json\/wp\/v2\/types\/page"}],"author":[{"embeddable":true,"href":"https:\/\/korekompagniet.dk\/en\/wp-json\/wp\/v2\/users\/1"}],"replies":[{"embeddable":true,"href":"https:\/\/korekompagniet.dk\/en\/wp-json\/wp\/v2\/comments?post=5725"}],"version-history":[{"count":2,"href":"https:\/\/korekompagniet.dk\/en\/wp-json\/wp\/v2\/pages\/5725\/revisions"}],"predecessor-version":[{"id":5729,"href":"https:\/\/korekompagniet.dk\/en\/wp-json\/wp\/v2\/pages\/5725\/revisions\/5729"}],"wp:attachment":[{"href":"https:\/\/korekompagniet.dk\/en\/wp-json\/wp\/v2\/media?parent=5725"}],"wp:term":[{"taxonomy":"category","embeddable":true,"href":"https:\/\/korekompagniet.dk\/en\/wp-json\/wp\/v2\/categories?post=5725"}],"curies":[{"name":"wp","href":"https:\/\/api.w.org\/{rel}","templated":true}]}}